{"id":22346,"date":"2026-04-21T16:00:22","date_gmt":"2026-04-21T14:00:22","guid":{"rendered":"https:\/\/cisartgroup.com\/?page_id=22346"},"modified":"2026-04-21T16:08:35","modified_gmt":"2026-04-21T14:08:35","slug":"anodizzazione-decorativa","status":"publish","type":"page","link":"https:\/\/cisartgroup.com\/it\/tecnologie\/anodizzazione-decorativa\/","title":{"rendered":"Anodizzazione decorativa"},"content":{"rendered":"<section class=\"wpb-content-wrapper\"><p>[vc_row full_width=&#8221;stretch_row&#8221; gap=&#8221;30&#8243; content_placement=&#8221;top&#8221; bg_type=&#8221;immagine&#8221; parallax_style=&#8221;vcpb-default&#8221; bg_image_repeat=&#8221;no-repeat&#8221; bg_img_attach=&#8221;risolto&#8221; abilita_overlay=&#8221;enable_overlay_value&#8221; overlay_color=&#8221;rgba(0,0,0,0.5)&#8221; overlay_pattern=&#8221;01.png&#8221; overlay_pattern_attachment=&#8221;fixed&#8221; css=&#8221;.vc_custom_1719310084849{ background-position: 0 0 !important; background-repeat: no-repeat !important;}&#8221; el_class=&#8221;technologies-header&#8221;][vc_column el_class=&#8221;rs_col-sm-12&#8243;]<div id=\"1707821730931-e63c7cac-f8ff\" class=\"dt-sc-empty-space\"><\/div>[vc_column_text]<\/p>\n<h2><span style=\"color: #000\">CONVENZIONALE<br \/>\n<\/span><span style=\"color: #e30613\"><strong>ANODIZZAZIONE DECORATIVA<\/strong><\/span><\/h2>\n<p>[\/vc_column_text][\/vc_column][vc_column width=&#8221;1\/2&#8243;][vc_column_text]<span style=\"color: #000\"><strong>L&#8217;anodizzazione decorativa convenzionale<\/strong> \u00e8 il core business principale di Cisart dal 1973 come partner affidabile per la fornitura chiavi in mano di impianti di anodizzazione convenzionale efficienti e affidabili recentemente progettati su specifiche del cliente.<\/span><\/p>\n<p><span style=\"color: #000\">Quando si tratta di produttivit\u00e0, automazione degli impianti, gestione sostenibile dell&#8217;acqua e uso efficiente delle risorse energetiche disponibili non c&#8217;\u00e8 altra opzione.<\/span><br \/>\n<span style=\"color: #000\">Tutti gli impianti, sia per uso architettonico che nel settore automobilistico, aerospaziale e altri settori simili, di solito coinvolgono grandi numeri e richiedono uno spessore accurato e una consistenza del colore.<\/span>[\/vc_column_text][\/vc_column][vc_column width=&#8221;1\/2&#8243;][vc_column_text]<span style=\"color: #000\">Le dimensioni dei prodotti variano molto, da molto piccole a estremamente lunghe, come ad esempio i profili lunghi 14,2 metri trattati in una delle installazioni recentemente realizzate negli Emirati Arabi Uniti.<\/span><\/p>\n<p><span style=\"color: #000\">In collaborazione con i principali produttori di apparecchiature e la maggior parte dei fornitori di prodotti chimici speciali, lo staff di ingegneri di Cisart soddisfa accuratamente qualsiasi loro richiesta tecnica volta a garantire una messa in servizio graduale dell&#8217;impianto senza sorprese e operazioni future senza problemi.<\/span>[\/vc_column_text][\/vc_column][\/vc_row][vc_row full_width=&#8221;stretch_row&#8221; gap=&#8221;30&#8243; css=&#8221;.vc_custom_1708523950774{ background-position: 0 0 !important; background-repeat: no-repeat !important;}&#8221; el_class=&#8221;swap-on-mobile&#8221;][vc_column width=&#8221;1\/2&#8243; offset=&#8221;vc_col-lg-6 vc_col-md-12&#8243; el_class=&#8221;rs_col-sm-12&#8243;][vc_single_image image=&#8221;22389&#8243; img_size=&#8221;full&#8221;][vc_column_text el_class=&#8221;didascalia&#8221;]IMPIANTO DI ANODIZZAZIONE COMPLETAMENTE AUTOMATIZZATO DA 18.000A PER ARTICOLI IN ALLUMINIO TAGLIO A MISURA COMPRESA LUCIDATURA CHIMICA E MULTICOLORE SERVIZI[\/vc_column_text]<div id=\"1708523747668-1bbfedc8-51fb\" class=\"dt-sc-empty-space\"><\/div>[\/vc_column][vc_column width=&#8221;1\/2&#8243; el_class=&#8221;dt-sc-custom-collage-section rs_col-sm-12&#8243; css=&#8221;.vc_custom_1554702427180{padding-right: 0px !important;padding-left: 0px !important;}&#8221; offset=&#8221;vc_col-lg-6 vc_col-md-12&#8243;]<div class='dt-sc-title with-dual-color  ' data-delay='0'><h3 class='dt-sc-main-heading'> <strong>CHIMICO<\/strong> ILLUMINANTE<\/h3><\/div><div id=\"1699547615480-002ede26-d854\" class=\"dt-sc-empty-space\"><\/div>[vc_column_text]Il brillantante chimico \u00e8 un processo impegnativo a causa del materiale altamente corrosivo e pericoloso fumi sviluppati durante il funzionamento della vasca di lucidatura.<\/p>\n<p>Pertanto in Cisart tutte le attrezzature sono progettate con molta attenzione e prodotte solo con materiali di altissima qualit\u00e0 e nel pieno rispetto dell&#8217;ambiente e dei lavoratori che lavorano nello stabilimento.[\/vc_column_text][\/vc_column][\/vc_row][vc_row full_width=&#8221;stretch_row&#8221; gap=&#8221;30&#8243; css=&#8221;.vc_custom_1708524122810{ background-position: 0 0 !importante;ripetizione in background: no-ripetizione !importante;}&#8221; el_class=&#8221;swap-on-mobile&#8221;][vc_column width=&#8221;1\/2&#8243; offset=&#8221;vc_col-lg-6 vc_col-md-12&#8243; el_class=&#8221;rs_col-sm-12&#8243;][vc_row_inner][vc_column_inner el_class=&#8221;custom-collage-img3&#8243; width=&#8221;2\/3&#8243;]<img loading=\"lazy\" decoding=\"async\" width=\"700\" height=\"560\" src=\"https:\/\/cisartgroup.com\/wp-content\/uploads\/anodisingplant-1.jpg\" class=\"alignnone attachment-full\" alt=\"dip multicolouring\" title=\"anodisingplant\" srcset=\"https:\/\/cisartgroup.com\/wp-content\/uploads\/anodisingplant-1.jpg 700w, https:\/\/cisartgroup.com\/wp-content\/uploads\/anodisingplant-1-300x240.jpg 300w, https:\/\/cisartgroup.com\/wp-content\/uploads\/anodisingplant-1-150x120.jpg 150w, https:\/\/cisartgroup.com\/wp-content\/uploads\/anodisingplant-1-540x432.jpg 540w, https:\/\/cisartgroup.com\/wp-content\/uploads\/anodisingplant-1-420x336.jpg 420w\" sizes=\"(max-width: 700px) 100vw, 700px\" \/><div id=\"1708525267409-87a78ff7-0f35\" class=\"dt-sc-empty-space\"><\/div>[\/vc_column_inner][vc_column_inner el_class=&#8221;custom-collage-img3&#8243; width=&#8221;1\/3&#8243;]<img loading=\"lazy\" decoding=\"async\" width=\"1200\" height=\"1600\" src=\"https:\/\/cisartgroup.com\/wp-content\/uploads\/multi.jpeg\" class=\"alignnone attachment-full\" alt=\"aluminium dip multicolouring\" title=\"multi\" srcset=\"https:\/\/cisartgroup.com\/wp-content\/uploads\/multi.jpeg 1200w, https:\/\/cisartgroup.com\/wp-content\/uploads\/multi-225x300.jpeg 225w, https:\/\/cisartgroup.com\/wp-content\/uploads\/multi-768x1024.jpeg 768w, https:\/\/cisartgroup.com\/wp-content\/uploads\/multi-1152x1536.jpeg 1152w, https:\/\/cisartgroup.com\/wp-content\/uploads\/multi-750x1000.jpeg 750w, https:\/\/cisartgroup.com\/wp-content\/uploads\/multi-540x720.jpeg 540w\" sizes=\"(max-width: 1200px) 100vw, 1200px\" \/>[\/vc_column_inner][vc_column_inner][vc_column_text el_class=&#8221;didascalia&#8221;]Impianto di anodizzazione con nove vasche di colorazione in linea<br \/>\ne sei vasi di stoccaggio offline.<br \/>\nL&#8217;impianto \u00e8 dotato di quattro vasche di anodizzazione decorativa da 5000A e<br \/>\ndue vasche aggiuntive di anodizzazione dura da 5000A per sezioni di alluminio tagliate a misura fino a 4,5m di lunghezza.[\/vc_column_text]<div id=\"1708524080172-59888fea-d2bd\" class=\"dt-sc-empty-space\"><\/div>[\/vc_column_inner][\/vc_row_inner][\/vc_column][vc_column width=&#8221;1\/2&#8243; el_class=&#8221;dt-sc-custom-collage-section rs_col-sm-12&#8243; css=&#8221;.vc_custom_1554702427180{padding-right: 0px !important;padding-left: 0px !important;}&#8221; offset=&#8221;vc_col-lg-6 vc_col-md-12&#8243;]<div class='dt-sc-title with-dual-color  ' data-delay='0'><h3 class='dt-sc-main-heading'>DIP <strong>MULTICOLORING<\/strong> <\/h3><\/div><div id=\"1699546311277-fd3f3a98-7233\" class=\"dt-sc-empty-space\"><\/div>[vc_column_text]<span style=\"color: #ff0000\"><strong>Dip multicoloring<\/strong><\/span> \u00e8 una tecnica per cui l&#8217;alluminio anodizzato colorato \u00e8 bellissimo e la maggior parte degli impianti include almeno un sistema di colorazione.<br \/>\nQuando sono necessari molti colori vivaci diversi, la tintura sarebbe la prima risposta.<\/p>\n<p>Si tratta per\u00f2 normalmente di numerose vasche di colorazione singole, ciascuna con almeno un risciacquo associato.<br \/>\nQuando sono coinvolti pi\u00f9 colori ci\u00f2 si traduce in una fila molto lunga. La soluzione \u00e8 un unico serbatoio di colorante, accompagnato da uno o due risciacqui e da una serie di serbatoi di stoccaggio adiacenti, uno per ogni colore, dai quali \u00e8 possibile pompare rapidamente un colore sostitutivo nel serbatoio di colorante svuotato durante il cambio colore.<\/p>\n<p>Colori e risciacqui possono essere sostituiti automaticamente in meno di un&#8217;ora grazie alle pompe ad alta portata e ad un circuito idraulico ben progettato.[\/vc_column_text]<div id=\"1708524087989-5d4f0feb-b9a2\" class=\"dt-sc-empty-space\"><\/div>[\/vc_column][\/vc_row]<\/p>\n<\/section>","protected":false},"excerpt":{"rendered":"<p>[vc_row full_width=&#8221;stretch_row&#8221; gap=&#8221;30&#8243; content_placement=&#8221;top&#8221; bg_type=&#8221;immagine&#8221; parallax_style=&#8221;vcpb-default&#8221; bg_image_repeat=&#8221;no-repeat&#8221; bg_img_attach=&#8221;risolto&#8221; abilita_overlay=&#8221;enable_overlay_value&#8221; overlay_color=&#8221;rgba(0,0,0,0.5)&#8221; overlay_pattern=&#8221;01.png&#8221; overlay_pattern_attachment=&#8221;fixed&#8221; css=&#8221;.vc_custom_1719310084849{ background-position: 0 0 !important; background-repeat: no-repeat !important;}&#8221; el_class=&#8221;technologies-header&#8221;][vc_column el_class=&#8221;rs_col-sm-12&#8243;][vc_column_text] CONVENZIONALE ANODIZZAZIONE DECORATIVA [\/vc_column_text][\/vc_column][vc_column width=&#8221;1\/2&#8243;][vc_column_text]L&#8217;anodizzazione decorativa convenzionale \u00e8 il core business principale di Cisart dal 1973 come partner affidabile per la fornitura chiavi in mano di impianti di anodizzazione convenzionale efficienti e affidabili [&hellip;]<\/p>\n","protected":false},"author":1,"featured_media":0,"parent":22330,"menu_order":0,"comment_status":"closed","ping_status":"closed","template":"","meta":{"footnotes":""},"_links":{"self":[{"href":"https:\/\/cisartgroup.com\/it\/wp-json\/wp\/v2\/pages\/22346"}],"collection":[{"href":"https:\/\/cisartgroup.com\/it\/wp-json\/wp\/v2\/pages"}],"about":[{"href":"https:\/\/cisartgroup.com\/it\/wp-json\/wp\/v2\/types\/page"}],"author":[{"embeddable":true,"href":"https:\/\/cisartgroup.com\/it\/wp-json\/wp\/v2\/users\/1"}],"replies":[{"embeddable":true,"href":"https:\/\/cisartgroup.com\/it\/wp-json\/wp\/v2\/comments?post=22346"}],"version-history":[{"count":3,"href":"https:\/\/cisartgroup.com\/it\/wp-json\/wp\/v2\/pages\/22346\/revisions"}],"predecessor-version":[{"id":22596,"href":"https:\/\/cisartgroup.com\/it\/wp-json\/wp\/v2\/pages\/22346\/revisions\/22596"}],"up":[{"embeddable":true,"href":"https:\/\/cisartgroup.com\/it\/wp-json\/wp\/v2\/pages\/22330"}],"wp:attachment":[{"href":"https:\/\/cisartgroup.com\/it\/wp-json\/wp\/v2\/media?parent=22346"}],"curies":[{"name":"wp","href":"https:\/\/api.w.org\/{rel}","templated":true}]}}