{"id":22332,"date":"2024-03-15T18:09:38","date_gmt":"2024-03-15T16:09:38","guid":{"rendered":"https:\/\/cisartgroup.com\/?page_id=22332"},"modified":"2026-04-21T16:00:33","modified_gmt":"2026-04-21T14:00:33","slug":"politica-sulla-riservatezza","status":"publish","type":"page","link":"https:\/\/cisartgroup.com\/it\/politica-sulla-riservatezza\/","title":{"rendered":"politica sulla riservatezza"},"content":{"rendered":"<p><strong>AVVISO INFORMATIVO<\/strong><\/p>\n<p><strong>AI SENSI DELL&#8217;ART. 13 DEL REGOLAMENTO (UE) 2016\/679<\/strong> Gentile utente,<\/p>\n<p>La presente informativa Le viene fornita in osservanza dell&#8217;art. 13, Regolamento UE 2016\/679 (c.d. GDPR), che prevede, in materia di protezione dei dati personali, l&#8217;obbligo per il titolare del trattamento che raccoglie dati personali di fornire agli interessati \u2013 persone fisiche \u2013 una serie di informazioni relative al trattamento dei dati.<\/p>\n<p>A tal fine, ti forniamo le seguenti informazioni relative al trattamento dei dati personali che ci fornirai visitando il nostro sito web. <strong>SEZIONE 1 \u2013 IDENTIT\u00c0 E DATI DI CONTATTO DEL TITOLARE DEL TRATTAMENTO<\/strong> La nomina di un Responsabile della Protezione dei Dati (DPO) non \u00e8 obbligatoria, data la particolare tipologia del trattamento dei dati e la specifica attivit\u00e0 professionale. <strong>SEZIONE 2 \u2013 DATI DI CONTATTO DEL RESPONSABILE DELLA PROTEZIONE DEI DATI (DPO)<\/strong> La nomina di un Responsabile della Protezione dei Dati (DPO) non \u00e8 obbligatoria, data la particolare tipologia del trattamento dei dati e la specifica attivit\u00e0 professionale. <strong>SEZIONE 3 \u2013 FINALIT\u00c0 E BASE GIURIDICA DEL TRATTAMENTO DEI DATI<\/strong> Il trattamento dei dati ha le seguenti finalit\u00e0:<br \/>\nFinalit\u00e0 1: dar seguito alla tua richiesta di essere contattato per ricevere ulteriori informazioni sui nostri servizi.<br \/>\nDati personali: nome, cognome, contatti<br \/>\nBase giuridica: esecuzione di un contratto<br \/>\nConservazione dei dati: 1 anno<\/p>\n<p>Il trattamento dei dati sar\u00e0 basato sul consenso dell&#8217;interessato, che dovr\u00e0 essere espresso mediante le dichiarazioni di seguito riportate; pertanto, il consenso far\u00e0 riferimento alla presente informativa privacy.<\/p>\n<p>\u00a0<\/p>\n<p>Il sito utilizza i cookie; si prega di fare riferimento alla cookie policy. <strong>SEZIONE 4 \u2013 DESTINATARI DEI DATI PERSONALI<\/strong> I dati personali potranno essere trattati anche tramite fornitori informatici, marketing e amministrativi. <strong>SEZIONE 5 \u2013 TRASFERIMENTO DEI DATI PERSONALI VERSO PAESI EXTRA UE O ORGANIZZAZIONI INTERNAZIONALI<\/strong> Il trattamento dei dati non comporta alcun trasferimento di dati verso paesi extra UE o organizzazioni internazionali. <strong>SEZIONE 6 \u2013 DIRITTI DELL&#8217;INTERESSATO<\/strong> L&#8217;interessato ha il diritto di chiedere al titolare del trattamento l&#8217;accesso ai propri dati personali, la modifica o la cancellazione; ha inoltre il diritto di revocare il consenso, chiedere la limitazione del trattamento dei dati, nonch\u00e9 esercitare il diritto alla portabilit\u00e0 di tali dati. <strong>SEZIONE 7 \u2013 RECLAMO<\/strong> L\u2019interessato ha il diritto di proporre reclamo ad un\u2019autorit\u00e0 di controllo. <strong>SEZIONE 8 \u2013 OBBLIGO O NECESSIT\u00c0 DEL CONFERIMENTO DEI DATI<\/strong> Quando chiediamo il consenso, il conferimento dei dati personali non \u00e8 obbligatorio. Pertanto, in mancanza del conferimento dei dati, l&#8217;unica conseguenza sar\u00e0 che non potremo trattare i dati per le relative finalit\u00e0.<\/p>\n<p>Quando non chiediamo il consenso, il conferimento dei dati personali \u00e8 obbligatorio e necessario per adempiere a disposizioni contrattuali o di legge e per svolgere correttamente le attivit\u00e0 aziendali. Pertanto, in mancanza del conferimento dei dati, non sar\u00e0 possibile adempiere ai relativi obblighi e svolgere correttamente le attivit\u00e0 aziendali. <strong><em>Cordiali saluti, 14\/10\/2024, GRUPPO CISART<\/em><\/strong><\/p>\n","protected":false},"excerpt":{"rendered":"<p>AVVISO INFORMATIVO AI SENSI DELL&#8217;ART. 13 DEL REGOLAMENTO (UE) 2016\/679 Gentile utente, La presente informativa Le viene fornita in osservanza dell&#8217;art. 13, Regolamento UE 2016\/679 (c.d. GDPR), che prevede, in materia di protezione dei dati personali, l&#8217;obbligo per il titolare del trattamento che raccoglie dati personali di fornire agli interessati \u2013 persone fisiche \u2013 una [&hellip;]<\/p>\n","protected":false},"author":1,"featured_media":0,"parent":0,"menu_order":0,"comment_status":"closed","ping_status":"closed","template":"","meta":{"footnotes":""},"_links":{"self":[{"href":"https:\/\/cisartgroup.com\/it\/wp-json\/wp\/v2\/pages\/22332"}],"collection":[{"href":"https:\/\/cisartgroup.com\/it\/wp-json\/wp\/v2\/pages"}],"about":[{"href":"https:\/\/cisartgroup.com\/it\/wp-json\/wp\/v2\/types\/page"}],"author":[{"embeddable":true,"href":"https:\/\/cisartgroup.com\/it\/wp-json\/wp\/v2\/users\/1"}],"replies":[{"embeddable":true,"href":"https:\/\/cisartgroup.com\/it\/wp-json\/wp\/v2\/comments?post=22332"}],"version-history":[{"count":2,"href":"https:\/\/cisartgroup.com\/it\/wp-json\/wp\/v2\/pages\/22332\/revisions"}],"predecessor-version":[{"id":22559,"href":"https:\/\/cisartgroup.com\/it\/wp-json\/wp\/v2\/pages\/22332\/revisions\/22559"}],"wp:attachment":[{"href":"https:\/\/cisartgroup.com\/it\/wp-json\/wp\/v2\/media?parent=22332"}],"curies":[{"name":"wp","href":"https:\/\/api.w.org\/{rel}","templated":true}]}}