{"id":22326,"date":"2019-03-22T10:10:25","date_gmt":"2019-03-22T08:10:25","guid":{"rendered":"https:\/\/cisartgroup.com\/?page_id=22326"},"modified":"2026-04-22T12:15:53","modified_gmt":"2026-04-22T10:15:53","slug":"chi-siamo","status":"publish","type":"page","link":"https:\/\/cisartgroup.com\/it\/chi-siamo\/","title":{"rendered":"Chi siamo"},"content":{"rendered":"<section class=\"wpb-content-wrapper\"><p>[vc_row full_width=&#8221;stretch_row&#8221; gap=&#8221;30&#8243; content_placement=&#8221;top&#8221; css=&#8221;.vc_custom_1708526201263{ background-position: 0 0 !important; background-repeat: no-repeat !important;}&#8221; el_class=&#8221;space-mobile&#8221;][vc_column width=&#8221;1\/2&#8243; css=&#8221;.vc_custom_1708093123945{padding-top: 0px !important;padding-right: 0px !important;padding-bottom: 0px !important;padding-left: 0px !important;}&#8221; el_class=&#8221;rs_col-sm-12&#8243;][vc_single_image image=&#8221;22413&#8243; img_size=&#8221;full&#8221;][\/vc_column][vc_column width=&#8221;1\/2&#8243; css=&#8221;.vc_custom_1708093119526{padding-top: 0px !important;padding-right: 0px !important;padding-bottom: 0px !important;padding-left: 0px !importante;}&#8221;]<div class='dt-sc-title with-dual-color  ' data-delay='0'><h3 class='dt-sc-main-heading'><strong>CISART<\/strong> Gruppo<\/h3><\/div><div id=\"1699544931673-2ee1c10d-7bc5\" class=\"dt-sc-empty-space\"><\/div>[vc_column_text]All&#8217;epoca lo stato dell&#8217;arte era basilare ed \u00e8 solo grazie alla visione dei pionieri come Dionisio che moderna anodizzazione dell&#8217;alluminio e <strong>verniciatura a polvere<\/strong> le linee realizzate oggi da Cisart sono considerate le pi\u00f9 avanzate e rispettose dell&#8217;ambiente disponibili.<\/p>\n<p>Nel corso degli anni Cisart ha installato impianti in un vasto numero di paesi, come si pu\u00f2 vedere dall&#8217;elenco delle referenze disponibile in questo sito.[\/vc_column_text][\/vc_column][vc_column width=&#8221;1\/2&#8243; css=&#8221;.vc_custom_1708093128475{padding-top: 0px !important;padding-right: 0px !important;padding-bottom: 0px !important;padding-left: 0px !important;}&#8221;][vc_column_text]Da questo stesso elenco si nota anche che, nel corso degli anni, si sono susseguiti diversi &#8220;ritorni&#8221; che hanno deciso di dare pi\u00f9 volte a Cisart l&#8217;opportunit\u00e0 di confermarsi come fornitore di qualit\u00e0. Tra questi ce ne sono anche alcuni &#8220;primissimi&#8221;, come l&#8217;impianto combinato di anodizzazione verticale ed elettroforesi di Reynolds nei Paesi Bassi, o l&#8217;impianto combinato di anodizzazione verticale e verniciatura a polvere di Cuhadaroglu in Turchia, entrambi per profili architettonici lunghi 7 metri.[\/vc_column_text][\/vc_column][vc_column width=&#8221;1\/2&#8243; css=&#8221;.vc_custom_1708093133327{padding-top: 0px !important;padding-right: 0px !important;padding-bottom: 0px !important;padding-left: 0px !important;}&#8221;][vc_column_text]Un altro primo \u00e8 stato l&#8217;impianto a &#8220;scarico zero rifiuti liquidi&#8221; installato a Solur in Ucraina per l&#8217;elettroforesi combinata e polvere applicazione di vernici su radiatori in alluminio.<\/p>\n<p>Oltre agli impianti di anodizzazione completamente automatizzati, i progetti attuali riguardano l&#8217;anodizzazione dura, la lucidatura elettrochimica e chimica, verticale e <strong>verniciatura a polvere orizzontale<\/strong>, prevalentemente per profili architettonici[\/vc_column_text]<div id=\"1708097635903-e491fb21-582c\" class=\"dt-sc-empty-space\"><\/div>[\/vc_column][\/vc_row][vc_row full_width=&#8221;stretch_row&#8221; gap=&#8221;30&#8243; content_placement=&#8221;top&#8221; bg_type=&#8221;image&#8221; parallax_style=&#8221;vcpb-default&#8221; bg_image_new=&#8221;id^22414|url^https:\/\/cisartgroup.com\/wp-content\/uploads\/shutterstock_153215531-scaled.jpg|caption^null|alt^null|title^Rolls,Of,Aluminum,Sheet|description^null&#8221; bg_image_repeat=&#8221;no-repeat&#8221; bg_img_attach=&#8221;fixed&#8221; enable_overlay=&#8221;enable_overlay_value&#8221; overlay_color=&#8221;rgba(0,0,0,0.5)&#8221; abilita_overlay=&#8221;enable_overlay_value&#8221;][vc_column width=&#8221;1\/2&#8243; el_class=&#8221;rs_col-sm-12&#8243; offset=&#8221;vc_col-xs-12&#8243; css=&#8221;.vc_custom_1708092647567{padding-right: 0px !important;padding-left: 0px !important;}&#8221;]<div id=\"1708097264975-8e9bdda7-e994\" class=\"dt-sc-empty-space\"><\/div>[vc_column_text]<\/p>\n<h2><span style=\"color: #ffffff;\">Un breve<\/span> <span style=\"color: #e30613;\"><strong>storia<\/strong><\/span><\/h2>\n<p>[\/vc_column_text][vc_column_text]<span style=\"color: #ffffff;\">Situata a met\u00e0 strada tra Milano e Venezia a Coccaglio, vicino a Brescia, cuore dell&#8217;industria italiana dell&#8217;alluminio, Cisart inizi\u00f2 la sua attivit\u00e0 fornendo servizi industriali ai primi impianti artigianali di anodizzazione di base sorti in quel periodo.<\/span><\/p>\n<p><span style=\"color: #ffffff;\">Naturalmente erano tutti ad alta intensit\u00e0 di manodopera e l&#8217;automazione sembrava ancora un sogno lontano, che si realizz\u00f2 solo quando Cisart install\u00f2 le sue prime apparecchiature di movimentazione automatizzata all&#8217;inizio degli anni &#8217;80.<\/span>[\/vc_column_text][vc_column_text]<span style=\"color: #ffffff;\">Man mano che l\u2019automazione diventava una caratteristica essenziale di tutti i nuovi impianti, anche la loro configurazione cambi\u00f2, da quella rettilinea orizzontale a quella ad anello chiuso, come quella caratteristica della maggior parte degli impianti odierni.<\/span>[\/vc_column_text]<div id=\"1708097284999-4e0c13d9-9e20\" class=\"dt-sc-empty-space\"><\/div>[\/vc_column][vc_column width=&#8221;1\/2&#8243; el_class=&#8221;dt-sc-custom-collage-section rs_col-sm-12&#8243; css=&#8221;.vc_custom_1708092614867{padding-right: 0px !important;padding-left: 0px !important;}&#8221; offset=&#8221;vc_col-xs-12&#8243;]<div id=\"1708097309898-64b340e8-91e2\" class=\"dt-sc-empty-space\"><\/div><div id=\"1708097237869-d24532e3-67a9\" class=\"dt-sc-empty-space\"><\/div>[vc_column_text]<span style=\"color: #ffffff;\">Con il boom dell\u2019avvento della verniciatura a polvere Cisart amplia il proprio ventaglio di proposte inserendo nella propria gamma di prodotti non solo linee di applicazione di vernici in polvere ma anche liquide ed elettroforetiche.<\/span><\/p>\n<p><span style=\"color: #ffffff;\">Il primo impianto di verniciatura elettroforetica verticale \u00e8 stato progettato e installato da Cisart nei Paesi Bassi agli inizi degli anni &#8217;90. Da allora sono stati installati numerosi altri impianti di applicazione polveri orizzontali e verticali fino al pi\u00f9 recente a Dubai nel 2017.<\/span><\/p>\n<p><span style=\"color: #ffffff;\">Un impianto combinato di anodizzazione verticale e verniciatura a polvere segu\u00ec in Turchia all&#8217;inizio del secolo, mentre un impianto combinato di elettroforesi e verniciatura a polvere pi\u00f9 tardi in Ucraina.<\/span>[\/vc_column_text]<div id=\"1707489835310-5fd2f1c4-fbd5\" class=\"dt-sc-empty-space\"><\/div>[\/vc_column][\/vc_row][vc_row gap=&#8221;30&#8243; content_placement=&#8221;middle&#8221; css=&#8221;.vc_custom_1708097707010{ background-position: 0 0 !important; background-repeat: no-repeat !important;}&#8221; el_class=&#8221;swap-on-mobile&#8221;][vc_column width=&#8221;1\/2&#8243; css=&#8221;.vc_custom_1708094471541{padding-right: 0px !important;padding-left: 0px !important;}&#8221; offset=&#8221;vc_col-lg-6 vc_col-md-12&#8243;]<div id=\"1708097728274-cb9ca7c4-537a\" class=\"dt-sc-empty-space\"><\/div>[vc_single_image image=&#8221;22403&#8243; img_size=&#8221;full&#8221;]<div id=\"1708097767810-c73c8682-fe88\" class=\"dt-sc-empty-space\"><\/div>[\/vc_column][vc_column width=&#8221;1\/2&#8243; el_class=&#8221;dt-sc-custom-collage-section rs_col-sm-12&#8243; css=&#8221;.vc_custom_1708092913452{padding-right: 0px !important;padding-left: 0px !important;}&#8221; offset=&#8221;vc_col-lg-6 vc_col-md-12&#8243;]<div id=\"1708097771418-19aa72f6-032a\" class=\"dt-sc-empty-space\"><\/div><div class='dt-sc-title with-dual-color  ' data-delay='0'><h3 class='dt-sc-main-heading'><strong>Progetto<\/strong> e <strong>Ingegneria<\/strong><\/h3><\/div><div id=\"1699547615480-002ede26-d854\" class=\"dt-sc-empty-space\"><\/div>[vc_column_text]Ogni impianto fornito da Cisart \u00e8 attentamente progettato da un team interno di ingegneri utilizzando strumenti moderni e software sofisticati con lo scopo di ottimizzare l&#8217;utilizzo di tutte le risorse disponibili dallo sviluppo del concetto originale al funzionamento sostenibile dell&#8217;impianto quando \u00e8 in uso.<\/p>\n<p>L&#8217;energia elettrica, il riscaldamento e il consumo di acqua sono attentamente calcolati per evitare ogni possibile spreco non necessario e riutilizzarlo ove possibile.<\/p>\n<p>Poich\u00e9 l&#8217;automazione \u00e8 diventata una caratteristica essenziale di tutte le moderne linee di anodizzazione proposte da Cisart, maggiore attenzione \u00e8 stata dedicata alla produttivit\u00e0, all&#8217;uso efficiente delle risorse energetiche e ad un impatto pi\u00f9 rispettoso dell&#8217;ambiente nel suo complesso.[\/vc_column_text]<div id=\"1708097733251-cdaf5a92-00ca\" class=\"dt-sc-empty-space\"><\/div>[\/vc_column][\/vc_row][vc_row full_width=&#8221;stretch_row&#8221; gap=&#8221;30&#8243; content_placement=&#8221;middle&#8221; bg_type=&#8221;bg_color&#8221; css=&#8221;.vc_custom_1708097865328{ background-position: 0 0 !important; background-repeat: no-repeat !important;}&#8221; bg_color_value=&#8221;#f4f4f4&#8243;][vc_column width=&#8221;1\/2&#8243; css=&#8221;.vc_custom_1708093009716{padding-right: 0px !important;padding-left: 0px !important;}&#8221; offset=&#8221;vc_col-lg-6 vc_col-md-12&#8243; el_class=&#8221;rs_col-sm-12&#8243;]<div id=\"1699547024044-690975f3-f536\" class=\"dt-sc-empty-space\"><\/div><div class='dt-sc-title with-dual-color  ' data-delay='0'><h2 class='dt-sc-main-heading'><strong>Attrezzature<\/strong>, <strong>carpenteria<\/strong> e <strong>assemblaggio<\/strong><\/h2><\/div><div id=\"1699547024081-5b8bd188-a765\" class=\"dt-sc-empty-space\"><\/div>[vc_column_text]Attrezzature sensibili, ad esempio come raddrizzatori, refrigeratori, pistole a spruzzo e trasportatori, sono forniti solo da fornitori di prima classe e rinomati in tutto il mondo.<\/p>\n<p>All&#8217;interno delle consociate del Gruppo Cisart viene invece prodotta tutta la carpenteria, sia essa in acciaio, acciaio inox o polipropilene, cos\u00ec come l&#8217;automazione degli impianti e la componentistica elettrica.<\/p>\n<p>Tutto il resto viene assemblato nello stabilimento Cisart di Coccaglio dove vengono effettuati anche tutti i test necessari prima della consegna.[\/vc_column_text]<div id=\"1708097990015-6078a96e-4457\" class=\"dt-sc-empty-space\"><\/div>[\/vc_column][vc_column width=&#8221;1\/2&#8243; el_class=&#8221;dt-sc-custom-collage-section rs_col-sm-12&#8243; css=&#8221;.vc_custom_1708093014014{padding-right: 0px !important;padding-left: 0px !important;}&#8221; offset=&#8221;vc_col-lg-6 vc_col-md-12&#8243;]<div id=\"1708097966646-f15bfb4a-74e7\" class=\"dt-sc-empty-space\"><\/div>[vc_video link=&#8221;https:\/\/youtu.be\/mK1EvJOf8Zc&#8221;]<div id=\"1708098006493-8fe01f02-3a0a\" class=\"dt-sc-empty-space\"><\/div>[\/vc_column][\/vc_row][vc_row gap=&#8221;30&#8243; content_placement=&#8221;middle&#8221; css=&#8221;.vc_custom_1708526135888{padding-right: 0px !important;padding-left: 0px !important; background-position: 0 0 !importante; background-repeat: no-repeat !important;}&#8221; el_class=&#8221;swap-on-mobile&#8221;][vc_column width=&#8221;1\/2&#8243; css=&#8221;.vc_custom_1708094597209{padding-bottom: 30px !important;}&#8221; el_class=&#8221;custom-collage-img3&#8243;]<div id=\"1776852879511-f1ad00d5-4fc5\" class=\"dt-sc-empty-space\"><\/div>[vc_row_inner][vc_column_inner el_class=&#8221;custom-collage-img1&#8243; width=&#8221;1\/2&#8243; css=&#8221;.vc_custom_1708094629556{padding-bottom: 30px !importante;}&#8221;]<img loading=\"lazy\" decoding=\"async\" width=\"692\" height=\"519\" src=\"https:\/\/cisartgroup.com\/wp-content\/uploads\/cisart-who-are-we-3.jpg\" class=\"alignnone attachment-full\" alt=\"\" title=\"cisart-who-are-we-3\" srcset=\"https:\/\/cisartgroup.com\/wp-content\/uploads\/cisart-who-are-we-3.jpg 692w, https:\/\/cisartgroup.com\/wp-content\/uploads\/cisart-who-are-we-3-300x225.jpg 300w, https:\/\/cisartgroup.com\/wp-content\/uploads\/cisart-who-are-we-3-540x405.jpg 540w\" sizes=\"(max-width: 692px) 100vw, 692px\" \/>[\/vc_column_inner][vc_column_inner el_class=&#8221;custom-collage-img2&#8243; width=&#8221;1\/2&#8243;]<img loading=\"lazy\" decoding=\"async\" width=\"692\" height=\"519\" src=\"https:\/\/cisartgroup.com\/wp-content\/uploads\/cisart-who-are-we-4.jpg\" class=\"alignnone attachment-full\" alt=\"\" title=\"cisart-who-are-we-4\" srcset=\"https:\/\/cisartgroup.com\/wp-content\/uploads\/cisart-who-are-we-4.jpg 692w, https:\/\/cisartgroup.com\/wp-content\/uploads\/cisart-who-are-we-4-300x225.jpg 300w, https:\/\/cisartgroup.com\/wp-content\/uploads\/cisart-who-are-we-4-540x405.jpg 540w\" sizes=\"(max-width: 692px) 100vw, 692px\" \/>[\/vc_column_inner][\/vc_row_inner][vc_column_inner el_class=&#8221;custom-collage-img3&#8243; width=&#8221;1\/2&#8243;][\/vc_column_inner]<div id=\"1776852803971-a3914d07-9e62\" class=\"dt-sc-empty-space\"><\/div>[\/vc_column][vc_column width=&#8221;1\/2&#8243; el_class=&#8221;dt-sc-custom-collage-section rs_col-sm-12&#8243; css=&#8221;.vc_custom_1554702427180{padding-right: 0px !importante;padding-left: 0px !importante;}&#8221; offset=&#8221;vc_col-lg-6 vc_col-md-12&#8243;]<div id=\"1708098241402-afa244b9-6761\" class=\"dt-sc-empty-space\"><\/div><div class='dt-sc-title with-dual-color  ' data-delay='0'><h3 class='dt-sc-main-heading'><strong>Montaggio <\/strong> e <strong>messa in servizio<\/strong><\/h3><\/div><div id=\"1699546311277-fd3f3a98-7233\" class=\"dt-sc-empty-space\"><\/div>[vc_column_text]Cisart fornisce con orgoglio impianti chiavi in mano a montaggio rapido, compreso l&#8217;assemblaggio completo e l&#8217;avvio nonch\u00e9 la supervisione necessaria solo al montaggio e alla messa in servizio, secondo necessit\u00e0 del cliente finale, con un team completo di manodopera e specialisti.[\/vc_column_text][\/vc_column][\/vc_row][vc_row full_width=&#8221;stretch_row&#8221; gap=&#8221;30&#8243; content_placement=&#8221;middle&#8221; bg_type=&#8221;bg_color&#8221; css=&#8221;.vc_custom_1708098664763{ background-position: 0 0 !important; background-repeat: no-repeat !important;}&#8221; bg_color_value=&#8221;#f4f4f4&#8243;][vc_column width=&#8221;1\/2&#8243; css=&#8221;.vc_custom_1708093043162{padding-right: 0px !importante;padding-left: 0px !importante;}&#8221; offset=&#8221;vc_col-lg-6 vc_col-md-12&#8243; el_class=&#8221;rs_col-sm-12&#8243;]<div id=\"1699547758371-282dd50c-a248\" class=\"dt-sc-empty-space\"><\/div><div class='dt-sc-title with-dual-color  ' data-delay='0'><h3 class='dt-sc-main-heading'><strong>Formazione<\/strong> e dopo <strong>servizi di vendita<\/strong><\/h3><\/div><div id=\"1699547758418-ca7b7185-e8a7\" class=\"dt-sc-empty-space\"><\/div>[vc_column_text]Ovunque possibile, Cisart utilizza materiali e componenti di prima qualit\u00e0 facilmente reperibili in il Paese di installazione.<\/p>\n<p>Tutti i disegni tecnici, planimetrie, layout e dati di progettazione sono conservati presso la sede di Cisart per 10 anni dopo l\u2019installazione.<\/p>\n<p>Ci\u00f2 garantisce un rapido recupero di tutto il materiale necessario per un efficiente servizio post vendita.<\/p>\n<p>Un team di esperti e tecnici \u00e8 sempre disponibile per fornire formazione, presso la nostra sede o in loco, al personale e ai tecnici dei nostri clienti coinvolti nella gestione dell&#8217;impianto.[\/vc_column_text]<div id=\"1708098718737-327cd073-cad3\" class=\"dt-sc-empty-space\"><\/div>[\/vc_column][vc_column width=&#8221;1\/2&#8243; el_class=&#8221;dt-sc-custom-collage-section rs_col-sm-12&#8243; css=&#8221;.vc_custom_1708093048472{padding-right: 0px !important;padding-left: 0px !important;}&#8221; offset=&#8221;vc_col-lg-6 vc_col-md-12&#8243;][vc_row_inner][vc_column_inner el_class=&#8221;custom-collage-img1&#8243; width=&#8221;1\/2&#8243; css=&#8221;.vc_custom_1708094629556{padding-bottom: 30px !importante;}&#8221;]<img loading=\"lazy\" decoding=\"async\" width=\"600\" height=\"804\" src=\"https:\/\/cisartgroup.com\/wp-content\/uploads\/cisart-who-are-we-5.jpg\" class=\"alignnone attachment-full\" alt=\"\" title=\"cisart-who-are-we-5\" srcset=\"https:\/\/cisartgroup.com\/wp-content\/uploads\/cisart-who-are-we-5.jpg 600w, https:\/\/cisartgroup.com\/wp-content\/uploads\/cisart-who-are-we-5-224x300.jpg 224w, https:\/\/cisartgroup.com\/wp-content\/uploads\/cisart-who-are-we-5-540x724.jpg 540w\" sizes=\"(max-width: 600px) 100vw, 600px\" \/>[\/vc_column_inner][vc_column_inner el_class=&#8221;custom-collage-img2&#8243; width=&#8221;1\/2&#8243;]<img loading=\"lazy\" decoding=\"async\" width=\"600\" height=\"800\" src=\"https:\/\/cisartgroup.com\/wp-content\/uploads\/cisart-who-are-we-6.jpg\" class=\"alignnone attachment-full\" alt=\"\" title=\"cisart-who-are-we-6\" srcset=\"https:\/\/cisartgroup.com\/wp-content\/uploads\/cisart-who-are-we-6.jpg 600w, https:\/\/cisartgroup.com\/wp-content\/uploads\/cisart-who-are-we-6-225x300.jpg 225w, https:\/\/cisartgroup.com\/wp-content\/uploads\/cisart-who-are-we-6-540x720.jpg 540w\" sizes=\"(max-width: 600px) 100vw, 600px\" \/>[\/vc_column_inner][\/vc_row_inner]<div id=\"1708098731067-813d13ab-8208\" class=\"dt-sc-empty-space\"><\/div>[\/vc_column][\/vc_row][vc_row gap=&#8221;30&#8243;][vc_column css=&#8221;.vc_custom_1708093069213{padding-right: 0px !important;padding-left: 0px !important;}&#8221;]<div id=\"1699546437426-471f7572-9e4d\" class=\"dt-sc-empty-space\"><\/div><div class='dt-sc-title with-dual-color  ' data-delay='0'><h3 class='dt-sc-main-heading'>La nostra <strong>evoluzione<\/strong><\/h3><\/div><div id=\"1708098847107-8c358bc4-a1f4\" class=\"dt-sc-empty-space\"><\/div>[vc_separator color=&#8221;black&#8221; el_class=&#8221;hr-logo-about&#8221;][\/vc_column][\/vc_row][vc_row][vc_column width=&#8221;1\/4&#8243; css=&#8221;.vc_custom_1708101268548{padding-right: 0px !important;padding-left: 0px !important;}&#8221;]<div class='dt-sc-title with-dual-color  ' data-delay='0'><h6 class='dt-sc-main-heading'>Da <strong>1973<\/strong> A <strong>1989<\/strong><\/h6><\/div><div id=\"1553257408772-57ffe9d2-f64b\" class=\"dt-sc-empty-space\"><\/div>[vc_single_image image=&#8221;22408&#8243; img_size=&#8221;full&#8221;][vc_separator color=&#8221;black&#8221; el_class=&#8221;hr-logo-about&#8221;]<div id=\"1708101570816-17e49f7a-7f96\" class=\"dt-sc-empty-space\"><\/div>[\/vc_column][vc_column width=&#8221;1\/4&#8243; css=&#8221;.vc_custom_1708101332441{padding-right: 0px !important;padding-left: 0px !important;}&#8221;]<div class='dt-sc-title with-dual-color  ' data-delay='0'><h6 class='dt-sc-main-heading'>Da <strong>1989<\/strong> A <strong>2000<\/strong><\/h6><\/div><div id=\"1699543585997-358aa774-2764\" class=\"dt-sc-empty-space\"><\/div>[vc_single_image image=&#8221;22398&#8243; img_size=&#8221;148&#215;50&#8243;][vc_separator color=&#8221;black&#8221; el_class=&#8221;hr-logo-about&#8221;]<div id=\"1708101587733-c480c224-1a1d\" class=\"dt-sc-empty-space\"><\/div>[\/vc_column][vc_column width=&#8221;1\/4&#8243; css=&#8221;.vc_custom_1708101339250{padding-right: 0px !important;padding-left: 0px !important;}&#8221;]<div class='dt-sc-title with-dual-color  ' data-delay='0'><h6 class='dt-sc-main-heading'>Da <strong>2000<\/strong> A <strong>2015<\/strong><\/h6><\/div><div id=\"1699543597047-e1604f22-3b6a\" class=\"dt-sc-empty-space\"><\/div>[vc_single_image image=&#8221;22399&#8243; img_size=&#8221;148&#215;80&#8243;][vc_separator color=&#8221;black&#8221; el_class=&#8221;hr-logo-about&#8221;]<div id=\"1708101591003-3c6930a2-3642\" class=\"dt-sc-empty-space\"><\/div>[\/vc_column][vc_column width=&#8221;1\/4&#8243; css=&#8221;.vc_custom_1708101344814{padding-right: 0px !important;padding-left: 0px !important;}&#8221;]<div class='dt-sc-title with-dual-color  ' data-delay='0'><h6 class='dt-sc-main-heading'>Logo Cisart con sito web da <strong>2015<\/strong> A <strong>Oggi<\/strong><\/h6><\/div><div id=\"1699543605184-52ab1ed6-445f\" class=\"dt-sc-empty-space\"><\/div>[vc_single_image image=&#8221;22401&#8243; img_size=&#8221;148&#215;28&#8243;]<div id=\"1708101595003-f428c4f6-b5e3\" class=\"dt-sc-empty-space\"><\/div>[\/vc_column][\/vc_row]<\/p>\n<\/section>","protected":false},"excerpt":{"rendered":"<p>[vc_row full_width=&#8221;stretch_row&#8221; gap=&#8221;30&#8243; content_placement=&#8221;top&#8221; css=&#8221;.vc_custom_1708526201263{ background-position: 0 0 !important; background-repeat: no-repeat !important;}&#8221; el_class=&#8221;space-mobile&#8221;][vc_column width=&#8221;1\/2&#8243; css=&#8221;.vc_custom_1708093123945{padding-top: 0px !important;padding-right: 0px !important;padding-bottom: 0px !important;padding-left: 0px !important;}&#8221; el_class=&#8221;rs_col-sm-12&#8243;][vc_single_image image=&#8221;22413&#8243; img_size=&#8221;full&#8221;][\/vc_column][vc_column width=&#8221;1\/2&#8243; css=&#8221;.vc_custom_1708093119526{padding-top: 0px !important;padding-right: 0px !important;padding-bottom: 0px !important;padding-left: 0px !importante;}&#8221;][vc_column_text]All&#8217;epoca lo stato dell&#8217;arte era basilare ed \u00e8 solo grazie alla visione dei pionieri come Dionisio che moderna anodizzazione dell&#8217;alluminio [&hellip;]<\/p>\n","protected":false},"author":1,"featured_media":0,"parent":0,"menu_order":0,"comment_status":"closed","ping_status":"closed","template":"","meta":{"footnotes":""},"_links":{"self":[{"href":"https:\/\/cisartgroup.com\/it\/wp-json\/wp\/v2\/pages\/22326"}],"collection":[{"href":"https:\/\/cisartgroup.com\/it\/wp-json\/wp\/v2\/pages"}],"about":[{"href":"https:\/\/cisartgroup.com\/it\/wp-json\/wp\/v2\/types\/page"}],"author":[{"embeddable":true,"href":"https:\/\/cisartgroup.com\/it\/wp-json\/wp\/v2\/users\/1"}],"replies":[{"embeddable":true,"href":"https:\/\/cisartgroup.com\/it\/wp-json\/wp\/v2\/comments?post=22326"}],"version-history":[{"count":9,"href":"https:\/\/cisartgroup.com\/it\/wp-json\/wp\/v2\/pages\/22326\/revisions"}],"predecessor-version":[{"id":22785,"href":"https:\/\/cisartgroup.com\/it\/wp-json\/wp\/v2\/pages\/22326\/revisions\/22785"}],"wp:attachment":[{"href":"https:\/\/cisartgroup.com\/it\/wp-json\/wp\/v2\/media?parent=22326"}],"curies":[{"name":"wp","href":"https:\/\/api.w.org\/{rel}","templated":true}]}}