{"id":22324,"date":"2019-03-18T12:56:38","date_gmt":"2019-03-18T10:56:38","guid":{"rendered":"https:\/\/cisartgroup.com\/?page_id=22324"},"modified":"2026-04-22T12:33:29","modified_gmt":"2026-04-22T10:33:29","slug":"gamma-di-prodotti","status":"publish","type":"page","link":"https:\/\/cisartgroup.com\/it\/gamma-di-prodotti\/","title":{"rendered":"Gamma di prodotti"},"content":{"rendered":"<section class=\"wpb-content-wrapper\"><p>[vc_row][vc_column][vc_row_inner][vc_column_inner el_class=&#8221;rs_col-sm-6&#8243; width=&#8221;1\/3&#8243; offset=&#8221;vc_col-lg-4 vc_col-md-6&#8243;]<div class='dt-sc-image-caption type9  dt-sc-custom-img-caption' data-delay='0'><div class='dt-sc-image-wrapper'><img loading=\"lazy\" decoding=\"async\" width=\"800\" height=\"533\" src=\"https:\/\/cisartgroup.com\/wp-content\/uploads\/anodizing_plants-1.jpg\" class=\"attachment-full\" alt=\"\" title=\"anodizing_plants\" srcset=\"https:\/\/cisartgroup.com\/wp-content\/uploads\/anodizing_plants-1.jpg 800w, https:\/\/cisartgroup.com\/wp-content\/uploads\/anodizing_plants-1-300x200.jpg 300w, https:\/\/cisartgroup.com\/wp-content\/uploads\/anodizing_plants-1-768x512.jpg 768w, https:\/\/cisartgroup.com\/wp-content\/uploads\/anodizing_plants-1-750x500.jpg 750w, https:\/\/cisartgroup.com\/wp-content\/uploads\/anodizing_plants-1-570x380.jpg 570w, https:\/\/cisartgroup.com\/wp-content\/uploads\/anodizing_plants-1-600x400.jpg 600w, https:\/\/cisartgroup.com\/wp-content\/uploads\/anodizing_plants-1-540x360.jpg 540w\" sizes=\"(max-width: 800px) 100vw, 800px\" \/><div class=\"dt-sc-image-overlay\" style=\"background:rgba(0, 0, 0, 0.8)\"><p><span style=\"line-height: 12px;\">Ogni impianto viene attentamente progettato sulla produttivit\u00e0 specificata dal cliente, tenendo in debita considerazione che quando sar\u00e0 operativo non solo dovr\u00e0 essere redditizio ma&#8230;<\/span><\/p>\n<p><a style=\"padding: 10px 25px; background: #fff; color: #cf2e2e;\" href=\"https:\/\/cisartgroup.com\/it\/impianti-di-anodizzazione\/\">Scopri di pi\u00f9<\/a><\/p><\/div><div class='dt-sc-image-content'><div class='dt-sc-image-title'><h3><a href=\"https:\/\/cisartgroup.com\/it\/impianti-di-anodizzazione\/\" target=\"_self\" title=\"View Projects\">Impianti di anodizzazione<\/a><\/h3><\/div><\/div><\/div><\/div><div id=\"1554870917001-90697fb8-8e66\" class=\"dt-sc-empty-space\"><\/div>[\/vc_column_inner][vc_column_inner el_class=&#8221;rs_col-sm-6&#8243; width=&#8221;1\/3&#8243; offset=&#8221;vc_col-lg-4 vc_col-md-6&#8243;]<div class='dt-sc-image-caption type9  dt-sc-custom-img-caption' data-delay='0'><div class='dt-sc-image-wrapper'><img loading=\"lazy\" decoding=\"async\" width=\"800\" height=\"533\" src=\"https:\/\/cisartgroup.com\/wp-content\/uploads\/painting_plants-1.jpg\" class=\"attachment-full\" alt=\"\" title=\"painting_plants\" srcset=\"https:\/\/cisartgroup.com\/wp-content\/uploads\/painting_plants-1.jpg 800w, https:\/\/cisartgroup.com\/wp-content\/uploads\/painting_plants-1-300x200.jpg 300w, https:\/\/cisartgroup.com\/wp-content\/uploads\/painting_plants-1-768x512.jpg 768w, https:\/\/cisartgroup.com\/wp-content\/uploads\/painting_plants-1-750x500.jpg 750w, https:\/\/cisartgroup.com\/wp-content\/uploads\/painting_plants-1-570x380.jpg 570w, https:\/\/cisartgroup.com\/wp-content\/uploads\/painting_plants-1-600x400.jpg 600w, https:\/\/cisartgroup.com\/wp-content\/uploads\/painting_plants-1-540x360.jpg 540w\" sizes=\"(max-width: 800px) 100vw, 800px\" \/><div class=\"dt-sc-image-overlay\" style=\"background:rgba(0, 0, 0, 0.8)\"><p>Sempre attenta a sfruttare al meglio gli spazi costosi, Cisart ha sviluppato per prima linee di verniciatura di piccole dimensioni, oggi conosciute come &#8220;COMPACT&#8221;, sviluppate appositamente&#8230;<\/p>\n<p><a style=\"padding: 10px 25px; background: #fff; color: #cf2e2e;\" href=\"https:\/\/cisartgroup.com\/it\/gamma-di-prodotti\/impianti-di-verniciatura\/\">Scopri di pi\u00f9<\/a><\/p><\/div><div class='dt-sc-image-content'><div class='dt-sc-image-title'><h3><a href=\"https:\/\/cisartgroup.com\/it\/gamma-di-prodotti\/impianti-di-verniciatura\/\" target=\"_self\" title=\"View Projects\">Impianti di verniciatura<\/a><\/h3><\/div><\/div><\/div><\/div><div id=\"1554870963284-c138b4a7-bf17\" class=\"dt-sc-empty-space\"><\/div>[\/vc_column_inner][vc_column_inner el_class=&#8221;rs_col-sm-6&#8243; width=&#8221;1\/3&#8243; offset=&#8221;vc_col-lg-4 vc_col-md-6&#8243;]<div class='dt-sc-image-caption type9  dt-sc-custom-img-caption' data-delay='0'><div class='dt-sc-image-wrapper'><img loading=\"lazy\" decoding=\"async\" width=\"800\" height=\"533\" src=\"https:\/\/cisartgroup.com\/wp-content\/uploads\/equipment_and_accessories-1.jpg\" class=\"attachment-full\" alt=\"\" title=\"equipment_and_accessories\" srcset=\"https:\/\/cisartgroup.com\/wp-content\/uploads\/equipment_and_accessories-1.jpg 800w, https:\/\/cisartgroup.com\/wp-content\/uploads\/equipment_and_accessories-1-300x200.jpg 300w, https:\/\/cisartgroup.com\/wp-content\/uploads\/equipment_and_accessories-1-768x512.jpg 768w, https:\/\/cisartgroup.com\/wp-content\/uploads\/equipment_and_accessories-1-750x500.jpg 750w, https:\/\/cisartgroup.com\/wp-content\/uploads\/equipment_and_accessories-1-570x380.jpg 570w, https:\/\/cisartgroup.com\/wp-content\/uploads\/equipment_and_accessories-1-600x400.jpg 600w, https:\/\/cisartgroup.com\/wp-content\/uploads\/equipment_and_accessories-1-540x360.jpg 540w\" sizes=\"(max-width: 800px) 100vw, 800px\" \/><div class=\"dt-sc-image-overlay\" style=\"background:rgba(0, 0, 0, 0.8)\"><p>Attrezzature e macchinari singoli per tutti gli impianti forniti (raddrizzatori, frigoriferi, sistemi di raffreddamento, cabine di verniciatura e pistole, ecc.) Laboratori di analisi completi&#8230;<\/p>\n<p><a style=\"padding: 10px 25px; background: #fff; color: #cf2e2e;\" href=\"https:\/\/cisartgroup.com\/it\/attrezzature-e-accessori\/\">Scopri di pi\u00f9<\/a><\/p><\/div><div class='dt-sc-image-content'><div class='dt-sc-image-title'><h3><a href=\"\/it\/attrezzature-e-accessori\/\" target=\"_self\" title=\"View Projects\">Attrezzature e accessori<\/a><\/h3><\/div><\/div><\/div><\/div><div id=\"1554872503076-11646b74-9229\" class=\"dt-sc-empty-space\"><\/div>[\/vc_column_inner][\/vc_row_inner]<div id=\"1553504557669-e99bd51f-4c11\" class=\"dt-sc-empty-space\"><\/div>[\/vc_column][\/vc_row][vc_row full_width=&#8221;stretch_row&#8221; gap=&#8221;30&#8243; content_placement=&#8221;middle&#8221; el_class=&#8221;dt-skin-primary-bg&#8221;][vc_column css=&#8221;.vc_custom_1708526377149{padding-top: 40px !important;padding-right: 40px !important;padding-bottom: 40px !important;padding-left: 40px !important;}&#8221;][vc_column_text css=&#8221;.vc_custom_1708526417193{padding-top: 30px !important;padding-bottom: 30px !important;}&#8221;]<\/p>\n<h5 style=\"text-align: center;\"><span style=\"color: #ffffff;\"><strong>Tutti i nostri impianti vengono personalizzati sui dati di produzione forniti dall&#8217;utilizzatore finale e realizzati secondo i seguenti principi fondamentali:<\/strong><\/span><\/h5>\n<p>[\/vc_column_text][\/vc_column][\/vc_row][vc_row][vc_column el_align=&#8221;center&#8221;]<div id=\"1706869716733-e9d4ce91-ce0e\" class=\"dt-sc-empty-space\"><\/div>[\/vc_column][\/vc_row][vc_row full_width=&#8221;stretch_row&#8221; gap=&#8221;30&#8243; equal_height=&#8221;yes&#8221; content_placement=&#8221;top&#8221;][vc_column width=&#8221;1\/3&#8243;]<div class='dt-sc-icon-box type10  ' data-delay='0' ><div class=\"icon-content\"><h4>Pieno rispetto<\/h4><p><span class=\"uavc-list-desc ult-responsive\" data-ultimate-target=\"#list-icon-wrap-5878 .uavc-list-desc\" data-responsive-json-new=\"{&quot;font-size&quot;:&quot;desktop:18px;&quot;,&quot;line-height&quot;:&quot;desktop:26px;&quot;}\">dell\u2019ambiente e degli operatori che li gestiranno in sicurezza.<\/span><\/p><\/div><\/div><div id=\"1708526956587-d6eda5a1-7ba9\" class=\"dt-sc-empty-space\"><\/div>[\/vc_column][vc_column width=&#8221;1\/3&#8243;]<div class='dt-sc-icon-box type10  ' data-delay='0' ><div class=\"icon-content\"><h4>Efficiente<\/h4><p><span class=\"uavc-list-desc ult-responsive\" data-ultimate-target=\"#list-icon-wrap-5878 .uavc-list-desc\" data-responsive-json-new=\"{&quot;font-size&quot;:&quot;desktop:18px;&quot;,&quot;line-height&quot;:&quot;desktop:26px;&quot;}\">utilizzo delle energie elettriche e termiche.<\/span><\/p><\/div><\/div><div id=\"1708526966882-fa4e78a4-744b\" class=\"dt-sc-empty-space\"><\/div>[\/vc_column][vc_column width=&#8221;1\/3&#8243;]<div class='dt-sc-icon-box type10  ' data-delay='0' ><div class=\"icon-content\"><h4>Automazione<\/h4><p><span class=\"uavc-list-desc ult-responsive\" data-ultimate-target=\"#list-icon-wrap-5878 .uavc-list-desc\" data-responsive-json-new=\"{&quot;font-size&quot;:&quot;desktop:18px;&quot;,&quot;line-height&quot;:&quot;desktop:26px;&quot;}\">integrato a tutti i livelli, con l\u2019obiettivo di massimizzare l\u2019uso efficiente di tutte le altre risorse disponibili.<\/span><\/p><\/div><\/div><div id=\"1708526969145-54532ad6-cdf5\" class=\"dt-sc-empty-space\"><\/div>[\/vc_column][\/vc_row]<\/p>\n<\/section>","protected":false},"excerpt":{"rendered":"<p>[vc_row][vc_column][vc_row_inner][vc_column_inner el_class=&#8221;rs_col-sm-6&#8243; width=&#8221;1\/3&#8243; offset=&#8221;vc_col-lg-4 vc_col-md-6&#8243;][\/vc_column_inner][vc_column_inner el_class=&#8221;rs_col-sm-6&#8243; width=&#8221;1\/3&#8243; offset=&#8221;vc_col-lg-4 vc_col-md-6&#8243;][\/vc_column_inner][vc_column_inner el_class=&#8221;rs_col-sm-6&#8243; width=&#8221;1\/3&#8243; offset=&#8221;vc_col-lg-4 vc_col-md-6&#8243;][\/vc_column_inner][\/vc_row_inner][\/vc_column][\/vc_row][vc_row full_width=&#8221;stretch_row&#8221; gap=&#8221;30&#8243; content_placement=&#8221;middle&#8221; el_class=&#8221;dt-skin-primary-bg&#8221;][vc_column css=&#8221;.vc_custom_1708526377149{padding-top: 40px !important;padding-right: 40px !important;padding-bottom: 40px !important;padding-left: 40px !important;}&#8221;][vc_column_text css=&#8221;.vc_custom_1708526417193{padding-top: 30px !important;padding-bottom: 30px !important;}&#8221;] Tutti i nostri impianti vengono personalizzati sui dati di produzione forniti dall&#8217;utilizzatore finale e realizzati secondo i seguenti principi fondamentali: [\/vc_column_text][\/vc_column][\/vc_row][vc_row][vc_column el_align=&#8221;center&#8221;][\/vc_column][\/vc_row][vc_row full_width=&#8221;stretch_row&#8221; gap=&#8221;30&#8243; [&hellip;]<\/p>\n","protected":false},"author":1,"featured_media":0,"parent":0,"menu_order":0,"comment_status":"closed","ping_status":"closed","template":"","meta":{"footnotes":""},"_links":{"self":[{"href":"https:\/\/cisartgroup.com\/it\/wp-json\/wp\/v2\/pages\/22324"}],"collection":[{"href":"https:\/\/cisartgroup.com\/it\/wp-json\/wp\/v2\/pages"}],"about":[{"href":"https:\/\/cisartgroup.com\/it\/wp-json\/wp\/v2\/types\/page"}],"author":[{"embeddable":true,"href":"https:\/\/cisartgroup.com\/it\/wp-json\/wp\/v2\/users\/1"}],"replies":[{"embeddable":true,"href":"https:\/\/cisartgroup.com\/it\/wp-json\/wp\/v2\/comments?post=22324"}],"version-history":[{"count":12,"href":"https:\/\/cisartgroup.com\/it\/wp-json\/wp\/v2\/pages\/22324\/revisions"}],"predecessor-version":[{"id":22792,"href":"https:\/\/cisartgroup.com\/it\/wp-json\/wp\/v2\/pages\/22324\/revisions\/22792"}],"wp:attachment":[{"href":"https:\/\/cisartgroup.com\/it\/wp-json\/wp\/v2\/media?parent=22324"}],"curies":[{"name":"wp","href":"https:\/\/api.w.org\/{rel}","templated":true}]}}