{"id":22321,"date":"2019-03-12T05:18:36","date_gmt":"2019-03-12T03:18:36","guid":{"rendered":"https:\/\/cisartgroup.com\/?page_id=22321"},"modified":"2026-04-22T11:39:18","modified_gmt":"2026-04-22T09:39:18","slug":"casa","status":"publish","type":"page","link":"https:\/\/cisartgroup.com\/it\/","title":{"rendered":"Home"},"content":{"rendered":"<section class=\"wpb-content-wrapper\"><p>[vc_row][vc_column width=&#8221;2\/3&#8243; offset=&#8221;vc_col-lg-8 vc_col-md-6 vc_col-xs-12&#8243; el_class=&#8221;rs_col-sm-12&#8243; css=&#8221;.vc_custom_1708093302025{padding-right: 0px !important;padding-left: 0px !important;}&#8221;]<div class='dt-sc-title with-dual-color  ' data-delay='0'><h3 class='dt-sc-main-heading'>Trattamento Alluminio<br \/>\n<strong>Finitura e sublimazione<\/strong><\/h3><\/div><div id=\"1553946835192-31f7a10e-2933\" class=\"dt-sc-empty-space\"><\/div><div id=\"ult-carousel-37612540036a04dbfe7e7e7\" class=\"ult-carousel-wrapper  vc_custom_1708093341055 dt-sc-custom-carousel carousel-on-top ult_horizontal\" data-gutter=\"15\" data-rtl=\"false\" ><div class=\"ult-carousel-38212397346a04dbfe7e745 \" ><div class=\"ult-item-wrap\" data-animation=\"animated no-animation\"><div class='dt-sc-image-caption type8  ' data-delay='0'><div class='dt-sc-image-wrapper'><img loading=\"lazy\" decoding=\"async\" width=\"800\" height=\"533\" src=\"https:\/\/cisartgroup.com\/wp-content\/uploads\/anodizing_plants.jpg\" class=\"attachment-full\" alt=\"\" title=\"anodizing_plants\" srcset=\"https:\/\/cisartgroup.com\/wp-content\/uploads\/anodizing_plants.jpg 800w, https:\/\/cisartgroup.com\/wp-content\/uploads\/anodizing_plants-300x200.jpg 300w, https:\/\/cisartgroup.com\/wp-content\/uploads\/anodizing_plants-768x512.jpg 768w, https:\/\/cisartgroup.com\/wp-content\/uploads\/anodizing_plants-750x500.jpg 750w, https:\/\/cisartgroup.com\/wp-content\/uploads\/anodizing_plants-570x380.jpg 570w, https:\/\/cisartgroup.com\/wp-content\/uploads\/anodizing_plants-600x400.jpg 600w, https:\/\/cisartgroup.com\/wp-content\/uploads\/anodizing_plants-540x360.jpg 540w\" sizes=\"(max-width: 800px) 100vw, 800px\" \/><\/div><div class='dt-sc-image-content'><div class='dt-sc-image-title'><h3>Impianti di anodizzazione<\/h3><\/div><p>Ogni impianto viene attentamente progettato sulla produttivit\u00e0 specificata dal cliente, tenendo in debita considerazione che quando sar\u00e0 operativo non solo dovr\u00e0 essere redditizio ma&#8230;\n<div class=\"ult-item-wrap\" data-animation=\"animated no-animation\"><a href='\/it\/impianti-di-anodizzazione\/' target='_self' title='' class='dt-sc-button   large icon-right with-icon    dt-sc-no-bg' data-delay='0' > Leggi di pi\u00f9 <span class='fa fa-angle-right'> <\/span><\/a><\/div><\/div><\/div><\/div><div class=\"ult-item-wrap\" data-animation=\"animated no-animation\"><div class='dt-sc-image-caption type8  ' data-delay='0'><div class='dt-sc-image-wrapper'><img loading=\"lazy\" decoding=\"async\" width=\"800\" height=\"533\" src=\"https:\/\/cisartgroup.com\/wp-content\/uploads\/painting_plants.jpg\" class=\"attachment-full\" alt=\"\" title=\"painting_plants\" srcset=\"https:\/\/cisartgroup.com\/wp-content\/uploads\/painting_plants.jpg 800w, https:\/\/cisartgroup.com\/wp-content\/uploads\/painting_plants-300x200.jpg 300w, https:\/\/cisartgroup.com\/wp-content\/uploads\/painting_plants-768x512.jpg 768w, https:\/\/cisartgroup.com\/wp-content\/uploads\/painting_plants-750x500.jpg 750w, https:\/\/cisartgroup.com\/wp-content\/uploads\/painting_plants-570x380.jpg 570w, https:\/\/cisartgroup.com\/wp-content\/uploads\/painting_plants-600x400.jpg 600w, https:\/\/cisartgroup.com\/wp-content\/uploads\/painting_plants-540x360.jpg 540w\" sizes=\"(max-width: 800px) 100vw, 800px\" \/><\/div><div class='dt-sc-image-content'><div class='dt-sc-image-title'><h3>Impianti di verniciatura<\/h3><\/div><p>Sempre attenta a sfruttare al meglio gli spazi costosi per le lendini, Cisart ha dapprima sviluppato linee di verniciatura di piccolo formato, oggi conosciute come &#8220;COMPACT&#8221;, sviluppate appositamente &#8230;<\/p>\n<div class=\"ult-item-wrap\" data-animation=\"animated no-animation\"><a href='\/it\/gamma-di-prodotti\/impianti-di-verniciatura\/' target='_self' title='' class='dt-sc-button   large icon-right with-icon    dt-sc-no-bg' data-delay='0' > Leggi di pi\u00f9 <span class='fa fa-angle-right'> <\/span><\/a><\/div><\/div><\/div><\/div><div class=\"ult-item-wrap\" data-animation=\"animated no-animation\"><div class='dt-sc-image-caption type8  ' data-delay='0'><div class='dt-sc-image-wrapper'><img loading=\"lazy\" decoding=\"async\" width=\"800\" height=\"533\" src=\"https:\/\/cisartgroup.com\/wp-content\/uploads\/equipment_and_accessories.jpg\" class=\"attachment-full\" alt=\"\" title=\"equipment_and_accessories\" srcset=\"https:\/\/cisartgroup.com\/wp-content\/uploads\/equipment_and_accessories.jpg 800w, https:\/\/cisartgroup.com\/wp-content\/uploads\/equipment_and_accessories-300x200.jpg 300w, https:\/\/cisartgroup.com\/wp-content\/uploads\/equipment_and_accessories-768x512.jpg 768w, https:\/\/cisartgroup.com\/wp-content\/uploads\/equipment_and_accessories-750x500.jpg 750w, https:\/\/cisartgroup.com\/wp-content\/uploads\/equipment_and_accessories-570x380.jpg 570w, https:\/\/cisartgroup.com\/wp-content\/uploads\/equipment_and_accessories-600x400.jpg 600w, https:\/\/cisartgroup.com\/wp-content\/uploads\/equipment_and_accessories-540x360.jpg 540w\" sizes=\"(max-width: 800px) 100vw, 800px\" \/><\/div><div class='dt-sc-image-content'><div class='dt-sc-image-title'><h3>Attrezzature e accessori<\/h3><\/div><p>Attrezzature e macchinari singoli per tutti gli impianti forniti (raddrizzatori, frigoriferi, sistemi di raffreddamento, cabine di verniciatura e pistole, ecc.) Laboratori di analisi completi&#8230;<\/p>\n<div class=\"ult-item-wrap\" data-animation=\"animated no-animation\"><a href='\/it\/attrezzature-e-accessori\/' target='_self' title='' class='dt-sc-button   large icon-right with-icon    dt-sc-no-bg' data-delay='0' > Leggi di pi\u00f9 <span class='fa fa-angle-right'> <\/span><\/a><\/div><\/div><\/div><\/div><\/div><\/div>\t\t\t<script type=\"text\/javascript\">\r\n\t\t\t\tjQuery(document).ready(function ($) {\r\n\t\t\t\t\tif( typeof jQuery('.ult-carousel-38212397346a04dbfe7e745').slick == \"function\"){\r\n\t\t\t\t\t\t$('.ult-carousel-38212397346a04dbfe7e745').slick({dots: true,autoplay: true,autoplaySpeed: 5000,speed: 300,infinite: true,arrows: true,nextArrow: '<button type=\"button\" role=\"button\" aria-label=\"Next\" style=\"color:#333333; font-size:20px;\" class=\"slick-next default\"><i class=\"ultsl-arrow-right4\"><\/i><\/button>',prevArrow: '<button type=\"button\" role=\"button\" aria-label=\"Previous\" style=\"color:#333333; font-size:20px;\" class=\"slick-prev default\"><i class=\"ultsl-arrow-left4\"><\/i><\/button>',slidesToScroll:2,slidesToShow:2,swipe: true,draggable: true,touchMove: true,pauseOnHover: true,pauseOnFocus: false,responsive: [\r\n\t\t\t\t\t\t\t{\r\n\t\t\t\t\t\t\t  breakpoint: 1026,\r\n\t\t\t\t\t\t\t  settings: {\r\n\t\t\t\t\t\t\t\tslidesToShow: 2,\r\n\t\t\t\t\t\t\t\tslidesToScroll: 2,  \r\n\t\t\t\t\t\t\t  }\r\n\t\t\t\t\t\t\t},\r\n\t\t\t\t\t\t\t{\r\n\t\t\t\t\t\t\t  breakpoint: 1025,\r\n\t\t\t\t\t\t\t  settings: {\r\n\t\t\t\t\t\t\t\tslidesToShow: 1,\r\n\t\t\t\t\t\t\t\tslidesToScroll: 1\r\n\t\t\t\t\t\t\t  }\r\n\t\t\t\t\t\t\t},\r\n\t\t\t\t\t\t\t{\r\n\t\t\t\t\t\t\t  breakpoint: 760,\r\n\t\t\t\t\t\t\t  settings: {\r\n\t\t\t\t\t\t\t\tslidesToShow: 1,\r\n\t\t\t\t\t\t\t\tslidesToScroll: 1\r\n\t\t\t\t\t\t\t  }\r\n\t\t\t\t\t\t\t}\r\n\t\t\t\t\t\t],pauseOnDotsHover: true,customPaging: function(slider, i) {\r\n                   return '<i type=\"button\" style= \"color:#333333;\" class=\"ultsl-record\" data-role=\"none\"><\/i>';\r\n                },});\r\n\t\t\t\t\t}\r\n\t\t\t\t});\r\n\t\t\t<\/script>\r\n\t\t\t<div id=\"1554528697917-2d96c1ed-cdf7\" class=\"dt-sc-empty-space\"><\/div>[\/vc_column][vc_column width=&#8221;1\/3&#8243; el_class=&#8221;dt-sc-quote-form rs_col-sm-12&#8243; offset=&#8221;vc_col-lg-4 vc_col-md-6&#8243; css=&#8221;.vc_custom_1708093310207{padding-right: 0px !important;padding-left: 0px !important;}&#8221;]<div class='dt-sc-title with-dual-color  dt-sc-custom-simple-title' data-delay='0'><h5 class='dt-sc-main-heading'>Richiedi la tua <strong>consulenza e il tuo preventivo<\/strong><\/h5><\/div><div id=\"1552892638243-a173f1a7-66ab\" class=\"dt-sc-empty-space\"><\/div>\n<div class=\"wpcf7 no-js\" id=\"wpcf7-f22609-o1\" lang=\"it-IT\" dir=\"ltr\">\n<div class=\"screen-reader-response\"><p role=\"status\" aria-live=\"polite\" aria-atomic=\"true\"><\/p> <ul><\/ul><\/div>\n<form action=\"\/it\/wp-json\/wp\/v2\/pages\/22321#wpcf7-f22609-o1\" method=\"post\" class=\"wpcf7-form init dt-sc-custom-quote\" aria-label=\"Modulo di contatto\" novalidate=\"novalidate\" data-status=\"init\">\n<div style=\"display: none;\">\n<input type=\"hidden\" name=\"_wpcf7\" value=\"22609\" \/>\n<input type=\"hidden\" name=\"_wpcf7_version\" value=\"5.9.2\" \/>\n<input type=\"hidden\" name=\"_wpcf7_locale\" value=\"it_IT\" \/>\n<input type=\"hidden\" name=\"_wpcf7_unit_tag\" value=\"wpcf7-f22609-o1\" \/>\n<input type=\"hidden\" name=\"_wpcf7_container_post\" value=\"0\" \/>\n<input type=\"hidden\" name=\"_wpcf7_posted_data_hash\" value=\"\" \/>\n<\/div>\n<p>[vc_row][vc_column]\n<\/p>\n<div class=\"contact-form\">\n\t<p><span class=\"wpcf7-form-control-wrap\" data-name=\"text-company\"><input size=\"40\" class=\"wpcf7-form-control wpcf7-text wpcf7-validates-as-required\" aria-required=\"true\" aria-invalid=\"false\" placeholder=\"Nome azienda*\" value=\"\" type=\"text\" name=\"text-company\" \/><\/span>\n\t<\/p>\n<\/div>\n<p>[\/vc_column]<div id=\"1551184373947-be5c1524-649a\" class=\"dt-sc-empty-space\"><\/div><div class='dt-sc-clear '> <\/div>[vc_column]\n<\/p>\n<div class=\"contact-form\">\n\t<p><span class=\"wpcf7-form-control-wrap\" data-name=\"namesurname\"><input size=\"40\" class=\"wpcf7-form-control wpcf7-text wpcf7-validates-as-required\" aria-required=\"true\" aria-invalid=\"false\" placeholder=\"Nome e cognome*\" value=\"\" type=\"text\" name=\"namesurname\" \/><\/span>\n\t<\/p>\n<\/div>\n<p>[\/vc_column]<div id=\"1551184373947-be5c1524-649a\" class=\"dt-sc-empty-space\"><\/div><div class='dt-sc-clear '> <\/div>[vc_column]\n<\/p>\n<div class=\"contact-form\">\n\t<p><span class=\"wpcf7-form-control-wrap\" data-name=\"email\"><input size=\"40\" class=\"wpcf7-form-control wpcf7-email wpcf7-validates-as-required wpcf7-text wpcf7-validates-as-email\" aria-required=\"true\" aria-invalid=\"false\" placeholder=\"Email*\" value=\"\" type=\"email\" name=\"email\" \/><\/span>\n\t<\/p>\n<\/div>\n<p>[\/vc_column]<br \/>\n<div id=\"1552893286308-60849baa-79d3\" class=\"dt-sc-empty-space\"><\/div><div class='dt-sc-clear '> <\/div>[vc_column width=\"1\/1\"]\n<\/p>\n<div class=\"contact-form\" style=\"font-size:12px;line-height:16px\">\n\t<p><span class=\"wpcf7-form-control-wrap\" data-name=\"privacy\"><span class=\"wpcf7-form-control wpcf7-acceptance\"><span class=\"wpcf7-list-item\"><label><input type=\"checkbox\" name=\"privacy\" value=\"1\" aria-invalid=\"false\" \/><span class=\"wpcf7-list-item-label\">CONSENSO AL TRATTAMENTO DEI DATI PERSONALI\n<br>Ho letto l' <a href=\"\/it\/politica-sulla-riservatezza\/\">informativa sulla privacy<\/a>.<\/span><\/label><\/span><\/span><\/span>\n\t<\/p>\n<\/div>\n<p>[\/vc_column][vc_column]<input class=\"wpcf7-form-control wpcf7-submit has-spinner\" type=\"submit\" value=\"Invia ora\" \/>[\/vc_column][\/vc_row]\n<\/p><div class=\"wpcf7-response-output\" aria-hidden=\"true\"><\/div>\n<\/form>\n<\/div>\n[\/vc_column][\/vc_row][vc_row][vc_column]<div id=\"1554096991921-38c66946-fb1d\" class=\"dt-sc-empty-space\"><\/div>[\/vc_column][\/vc_row][vc_row][vc_column width=&#8221;1\/4&#8243; offset=&#8221;vc_col-lg-3 vc_col-md-6&#8243; el_class=&#8221;rs_col-sm-6&#8243;]<div class='dt-sc-counter type3   alignleft' data-delay='0'><div class='dt-sc-counter-icon-holder'><div class='icon-wrapper'><span><\/span><\/div><div class='dt-sc-counter-number' data-value='45' data-append='+'>45<\/div><\/div><h4>Anni di esperienza<\/h4><\/div>[\/vc_column][vc_column width=&#8221;1\/4&#8243; offset=&#8221;vc_col-lg-3 vc_col-md-6&#8243; el_class=&#8221;rs_col-sm-6&#8243;]<div class='dt-sc-counter type3   alignleft' data-delay='0'><div class='dt-sc-counter-icon-holder'><div class='icon-wrapper'><span><img loading=\"lazy\" decoding=\"async\" width=\"121\" height=\"126\" src=\"https:\/\/cisartgroup.com\/wp-content\/uploads\/leaf.png\" class=\"attachment-full\" alt=\"\" title=\"leaf\" \/><\/span><\/div><div class='dt-sc-counter-number' data-value='100' data-append='%'>100<\/div><\/div><h4>Azienda ecologica<\/h4><\/div>[\/vc_column][vc_column width=&#8221;1\/4&#8243; offset=&#8221;vc_col-lg-3 vc_col-md-6&#8243; el_class=&#8221;rs_col-sm-6&#8243;]<div id=\"1554526377072-05cc6140-a201\" class=\"dt-sc-empty-space\"><\/div><div class='dt-sc-counter type3   alignleft' data-delay='0'><div class='dt-sc-counter-icon-holder'><div class='icon-wrapper'><span><img loading=\"lazy\" decoding=\"async\" width=\"121\" height=\"126\" src=\"https:\/\/cisartgroup.com\/wp-content\/uploads\/reference.png\" class=\"attachment-full\" alt=\"\" title=\"reference\" \/><\/span><\/div><div class='dt-sc-counter-number' data-value='120' data-append='+'>120<\/div><\/div><h4>Riferimenti significativi<\/h4><\/div>[\/vc_column][vc_column width=&#8221;1\/4&#8243; offset=&#8221;vc_col-lg-3 vc_col-md-6&#8243; el_class=&#8221;rs_col-sm-6&#8243;]<div id=\"1554526399029-ba0aeff4-863c\" class=\"dt-sc-empty-space\"><\/div><div class='dt-sc-counter type3   alignleft' data-delay='0'><div class='dt-sc-counter-icon-holder'><div class='icon-wrapper'><span><\/span><\/div><div class='dt-sc-counter-number' data-value='100' data-append='+'>100<\/div><\/div><h4>Soddisfazione del cliente<\/h4><\/div>[\/vc_column][\/vc_row][vc_row][vc_column]<div id=\"1699020130476-15d31e6c-779a\" class=\"dt-sc-empty-space\"><\/div>[\/vc_column][\/vc_row][vc_row full_width=&#8221;stretch_row_content_no_spaces&#8221; equal_height=&#8221;yes&#8221; content_placement=&#8221;top&#8221;][vc_column width=&#8221;1\/3&#8243; el_class=&#8221;rs_padding-qxlg-20 rs_padding-xs-50 rs_col-sm-12&#8243; css=&#8221;.vc_custom_1776850721063{padding-right: 60px !important;padding-left: 60px !important;background-image: url(https:\/\/cisartgroup.com\/wp-content\/uploads\/sfondo-verde-1.jpg?id=22379) !important;}&#8221; offset=&#8221;vc_col-lg-4 vc_col-md-12&#8243;]<div id=\"1552633872130-cc54e6c6-1097\" class=\"dt-sc-empty-space\"><\/div><div class='dt-sc-title with-dual-color  ' data-delay='0'><h4 class='dt-sc-main-heading'>Il nostro verde<br \/>\n<strong>impegno<\/strong><\/h4><\/div><div id=\"1552641939827-fbff3615-c187\" class=\"dt-sc-empty-space\"><\/div>[vc_column_text]Un&#8217;azienda ecologica afferma di agire in modo da ridurre al minimo i danni all&#8217;ambiente. Mentre il riscaldamento globale continua a ritmo sostenuto e diventa un argomento sempre pi\u00f9 diffuso tra i governi mondiali, molte aziende stanno facendo la loro parte per diventare pi\u00f9 responsabili o &#8220;verdi&#8221; nei confronti dell&#8217;ambiente.[\/vc_column_text]<div id=\"1552633916467-9e7e002c-aa2c\" class=\"dt-sc-empty-space\"><\/div>[\/vc_column][vc_column width=&#8221;1\/3&#8243; el_class=&#8221;rs_col-sm-12&#8243; css=&#8221;.vc_custom_1699022237063{padding-right: 60px !important;padding-left: 60px !important;}&#8221; offset=&#8221;vc_col-lg-4 vc_col-md-12&#8243;]<div id=\"1554527936242-19e643cf-6bc6\" class=\"dt-sc-empty-space\"><\/div>[vc_single_image image=&#8221;22376&#8243; img_size=&#8221;full&#8221; css=&#8221;.vc_custom_1699022714620{padding-right: 20px !important;}&#8221;]<div id=\"1554527956216-f936e015-42f3\" class=\"dt-sc-empty-space\"><\/div>[\/vc_column][vc_column width=&#8221;1\/3&#8243; el_class=&#8221;rs_padding-qxlg-20 rs_padding-xs-50 rs_col-sm-12&#8243; css=&#8221;.vc_custom_1776850739654{padding-right: 60px !important;padding-left: 60px !important;background-image: url(https:\/\/cisartgroup.com\/wp-content\/uploads\/sfondo-verde-dx.jpg?id=22378) !important;}&#8221; offset=&#8221;vc_col-lg-4 vc_col-md-12&#8243;]<div id=\"1699020713384-503f6334-c068\" class=\"dt-sc-empty-space\"><\/div><div class='dt-sc-title with-dual-color  ' data-delay='0'><h4 class='dt-sc-main-heading'>Soddisfazione del cliente<br \/>\n<strong>\u00e8 il nostro obiettivo<\/strong><\/h4><\/div><div id=\"1699020790249-8cfeee5f-9cb3\" class=\"dt-sc-empty-space\"><\/div>[vc_column_text]In Cisart forniamo impianti per il trattamento superficiale dell&#8217;alluminio, secondo tutti i principali standard internazionali, sviluppati e progettati sulle seguenti tecnologie.<\/p>\n<p>&#8211; Anodizzazione architettonica all&#8217;acido solforico[\/vc_column_text]<div id=\"1699020785176-a76f4e3f-8e80\" class=\"dt-sc-empty-space\"><\/div>[\/vc_column][\/vc_row][vc_row content_placement=&#8221;top&#8221;][vc_column]<div id=\"1554097981747-ff7deb3e-d954\" class=\"dt-sc-empty-space\"><\/div><div class='dt-sc-title with-two-color-stripe  ' data-delay='0'><h6 class='dt-sc-sub-heading'><\/h6><h2 class='dt-sc-main-heading'>Chi <strong>siamo noi<\/strong><\/h2><h5>Oltre 40 anni fa Dionisio Cittadini forn\u00ec e install\u00f2 il suo primo impianto di anodizzazione in una localit\u00e0 che sarebbe presto diventata il cuore dell'industria italiana dell'alluminio, nei dintorni di Brescia, una bellissima cittadina praticamente a met\u00e0 strada tra Milano e Venezia, famosa anche per i suoi splendidi vini bianchi frizzanti...<\/h5><\/div><div id=\"1699024160548-551c3c32-d44e\" class=\"dt-sc-empty-space\"><\/div>[\/vc_column][\/vc_row][vc_row][vc_column]<div id=\"ult-carousel-34064109976a04dbfe8329f\" class=\"ult-carousel-wrapper   ult_horizontal\" data-gutter=\"15\" data-rtl=\"false\" ><div class=\"ult-carousel-25300862876a04dbfe8327b \" ><\/div><\/div>\t\t\t<script type=\"text\/javascript\">\r\n\t\t\t\tjQuery(document).ready(function ($) {\r\n\t\t\t\t\tif( typeof jQuery('.ult-carousel-25300862876a04dbfe8327b').slick == \"function\"){\r\n\t\t\t\t\t\t$('.ult-carousel-25300862876a04dbfe8327b').slick({dots: false,autoplay: true,autoplaySpeed: 5000,speed: 300,infinite: true,arrows: true,nextArrow: '<button type=\"button\" role=\"button\" aria-label=\"Next\" style=\"color:#333333; font-size:20px;\" class=\"slick-next default\"><i class=\"ultsl-arrow-right6\"><\/i><\/button>',prevArrow: '<button type=\"button\" role=\"button\" aria-label=\"Previous\" style=\"color:#333333; font-size:20px;\" class=\"slick-prev default\"><i class=\"ultsl-arrow-left6\"><\/i><\/button>',slidesToScroll:3,slidesToShow:3,swipe: true,draggable: true,touchMove: true,pauseOnHover: true,pauseOnFocus: false,responsive: [\r\n\t\t\t\t\t\t\t{\r\n\t\t\t\t\t\t\t  breakpoint: 1026,\r\n\t\t\t\t\t\t\t  settings: {\r\n\t\t\t\t\t\t\t\tslidesToShow: 3,\r\n\t\t\t\t\t\t\t\tslidesToScroll: 3,  \r\n\t\t\t\t\t\t\t  }\r\n\t\t\t\t\t\t\t},\r\n\t\t\t\t\t\t\t{\r\n\t\t\t\t\t\t\t  breakpoint: 1025,\r\n\t\t\t\t\t\t\t  settings: {\r\n\t\t\t\t\t\t\t\tslidesToShow: 2,\r\n\t\t\t\t\t\t\t\tslidesToScroll: 2\r\n\t\t\t\t\t\t\t  }\r\n\t\t\t\t\t\t\t},\r\n\t\t\t\t\t\t\t{\r\n\t\t\t\t\t\t\t  breakpoint: 760,\r\n\t\t\t\t\t\t\t  settings: {\r\n\t\t\t\t\t\t\t\tslidesToShow: 1,\r\n\t\t\t\t\t\t\t\tslidesToScroll: 1\r\n\t\t\t\t\t\t\t  }\r\n\t\t\t\t\t\t\t}\r\n\t\t\t\t\t\t],pauseOnDotsHover: true,customPaging: function(slider, i) {\r\n                   return '<i type=\"button\" style= \"color:#333333;\" class=\"ultsl-record\" data-role=\"none\"><\/i>';\r\n                },});\r\n\t\t\t\t\t}\r\n\t\t\t\t});\r\n\t\t\t<\/script>\r\n\t\t\t[vc_row_inner][vc_column_inner width=&#8221;1\/3&#8243;]<div class='dt-sc-icon-box type1   wpb_animate_when_almost_visible wpb_flipInX flipInX' data-delay='0' ><div class=\"icon-wrapper\"><span class='fas fa-industry'> <\/span><\/div><div class=\"icon-content\"><h4>Acido solforico industriale anodizzazione<\/h4><p><\/p><\/div><span class='fas fa-industry large-icon'> <\/span><\/div><div id=\"1707216280329-3786adf4-a7b1\" class=\"dt-sc-empty-space\"><\/div>[\/vc_column_inner][vc_column_inner width=&#8221;1\/3&#8243;]<div class='dt-sc-icon-box type1   wpb_animate_when_almost_visible wpb_flipInX flipInX' data-delay='100' ><div class=\"icon-wrapper\"><span class='fas fa-bolt'> <\/span><\/div><div class=\"icon-content\"><h4>anodizzazione in altri acidi inorganici o organici<\/h4><p><\/p><\/div><span class='fas fa-bolt large-icon'> <\/span><\/div><div id=\"1707216283998-6f27442f-c765\" class=\"dt-sc-empty-space\"><\/div>[\/vc_column_inner][vc_column_inner width=&#8221;1\/3&#8243;]<div class='dt-sc-icon-box type1   wpb_animate_when_almost_visible wpb_flipInX flipInX' data-delay='200' ><div class=\"icon-wrapper\"><span class='fas fa-rainbow'> <\/span><\/div><div class=\"icon-content\"><h4>Elettrocolorazione convenzionale<\/h4><p><\/p><\/div><span class='fas fa-rainbow large-icon'> <\/span><\/div><div id=\"1707216286782-cac3d942-f988\" class=\"dt-sc-empty-space\"><\/div>[\/vc_column_inner][vc_column_inner width=&#8221;1\/3&#8243;]<div class='dt-sc-icon-box type1   wpb_animate_when_almost_visible wpb_flipInX flipInX' data-delay='300' ><div class=\"icon-wrapper\"><span class='fas fa-flask'> <\/span><\/div><div class=\"icon-content\"><h4>Lucidatura chimica<\/h4><p><\/p><\/div><span class='fas fa-flask large-icon'> <\/span><\/div>[\/vc_column_inner][vc_column_inner width=&#8221;1\/3&#8243;]<div class='dt-sc-icon-box type1   wpb_animate_when_almost_visible wpb_flipInX flipInX' data-delay='400' ><div class=\"icon-wrapper\"><span class='fas fa-spinner'> <\/span><\/div><div class=\"icon-content\"><h4>Lucidatura elettrochimica<\/h4><p><\/p><\/div><span class='fas fa-spinner large-icon'> <\/span><\/div>[\/vc_column_inner][vc_column_inner width=&#8221;1\/3&#8243;]<div class='dt-sc-icon-box type1   wpb_animate_when_almost_visible wpb_flipInX flipInX' data-delay='500' ><div class=\"icon-wrapper\"><span class='fas fa-thermometer-half'> <\/span><\/div><div class=\"icon-content\"><h4>Anodizzazione dura<\/h4><p><\/p><\/div><span class='fas fa-thermometer-half large-icon'> <\/span><\/div>[\/vc_column_inner][\/vc_row_inner][\/vc_column][\/vc_row]<\/p>\n<\/section>","protected":false},"excerpt":{"rendered":"<p>[vc_row][vc_column width=&#8221;2\/3&#8243; offset=&#8221;vc_col-lg-8 vc_col-md-6 vc_col-xs-12&#8243; el_class=&#8221;rs_col-sm-12&#8243; css=&#8221;.vc_custom_1708093302025{padding-right: 0px !important;padding-left: 0px !important;}&#8221;][\/vc_column][vc_column width=&#8221;1\/3&#8243; el_class=&#8221;dt-sc-quote-form rs_col-sm-12&#8243; offset=&#8221;vc_col-lg-4 vc_col-md-6&#8243; css=&#8221;.vc_custom_1708093310207{padding-right: 0px !important;padding-left: 0px !important;}&#8221;][\/vc_column][\/vc_row][vc_row][vc_column][\/vc_column][\/vc_row][vc_row][vc_column width=&#8221;1\/4&#8243; offset=&#8221;vc_col-lg-3 vc_col-md-6&#8243; el_class=&#8221;rs_col-sm-6&#8243;][\/vc_column][vc_column width=&#8221;1\/4&#8243; offset=&#8221;vc_col-lg-3 vc_col-md-6&#8243; el_class=&#8221;rs_col-sm-6&#8243;][\/vc_column][vc_column width=&#8221;1\/4&#8243; offset=&#8221;vc_col-lg-3 vc_col-md-6&#8243; el_class=&#8221;rs_col-sm-6&#8243;][\/vc_column][vc_column width=&#8221;1\/4&#8243; offset=&#8221;vc_col-lg-3 vc_col-md-6&#8243; el_class=&#8221;rs_col-sm-6&#8243;][\/vc_column][\/vc_row][vc_row][vc_column][\/vc_column][\/vc_row][vc_row full_width=&#8221;stretch_row_content_no_spaces&#8221; equal_height=&#8221;yes&#8221; content_placement=&#8221;top&#8221;][vc_column width=&#8221;1\/3&#8243; el_class=&#8221;rs_padding-qxlg-20 rs_padding-xs-50 rs_col-sm-12&#8243; css=&#8221;.vc_custom_1776850721063{padding-right: 60px !important;padding-left: 60px !important;background-image: url(https:\/\/cisartgroup.com\/wp-content\/uploads\/sfondo-verde-1.jpg?id=22379) !important;}&#8221; offset=&#8221;vc_col-lg-4 vc_col-md-12&#8243;][vc_column_text]Un&#8217;azienda ecologica afferma [&hellip;]<\/p>\n","protected":false},"author":1,"featured_media":0,"parent":0,"menu_order":0,"comment_status":"closed","ping_status":"closed","template":"","meta":{"footnotes":""},"_links":{"self":[{"href":"https:\/\/cisartgroup.com\/it\/wp-json\/wp\/v2\/pages\/22321"}],"collection":[{"href":"https:\/\/cisartgroup.com\/it\/wp-json\/wp\/v2\/pages"}],"about":[{"href":"https:\/\/cisartgroup.com\/it\/wp-json\/wp\/v2\/types\/page"}],"author":[{"embeddable":true,"href":"https:\/\/cisartgroup.com\/it\/wp-json\/wp\/v2\/users\/1"}],"replies":[{"embeddable":true,"href":"https:\/\/cisartgroup.com\/it\/wp-json\/wp\/v2\/comments?post=22321"}],"version-history":[{"count":13,"href":"https:\/\/cisartgroup.com\/it\/wp-json\/wp\/v2\/pages\/22321\/revisions"}],"predecessor-version":[{"id":22768,"href":"https:\/\/cisartgroup.com\/it\/wp-json\/wp\/v2\/pages\/22321\/revisions\/22768"}],"wp:attachment":[{"href":"https:\/\/cisartgroup.com\/it\/wp-json\/wp\/v2\/media?parent=22321"}],"curies":[{"name":"wp","href":"https:\/\/api.w.org\/{rel}","templated":true}]}}